{"id":26,"date":"2022-07-19T21:22:45","date_gmt":"2022-07-19T21:22:45","guid":{"rendered":"https:\/\/primariaplesoi.ro\/wp\/?page_id=26"},"modified":"2022-07-21T08:50:11","modified_gmt":"2022-07-21T08:50:11","slug":"monitorul-oficial-local","status":"publish","type":"page","link":"https:\/\/primariaplesoi.ro\/?page_id=26","title":{"rendered":"Monitorul Oficial Local"},"content":{"rendered":"<ul>\n<li><big>Statutul unit\u0103\u021bii administrativ-teritoriale<\/big><\/li>\n<li><big>Regulamentele privind procedurile administrative<\/big><\/li>\n<li><a href=\"https:\/\/primariaplesoi.ro\/?page_id=87\"><big>Hot\u0103r\u00e2rile autorit\u0103\u021bii deliberative<\/big><\/a><\/li>\n<li><a href=\"https:\/\/primariaplesoi.ro\/?page_id=107\"><big>Dispozi\u021biile autorit\u0103\u021bii executive<\/big><\/a><\/li>\n<li><big>Documente \u0219i informa\u021bii financiare<\/big><\/li>\n<li><big>Alte documente de interes public<\/big><\/li>\n<li>LISTA PRIVIND INFORMATIILE PUBLICE PRODUSE, GESTIONATE PRIN CL PLESOI , PRIMARUL, APARATUL DE SPECIALITATE, CARE SE EXCEPTEAZA DE LA LIBERUL ACCES LA INFORMATIILE DE INTERES PUBLIC.<\/li>\n<li>LISTA CUPRINZAND INFORMATIILE PUBLICE PRODUSE SI GESTIONATE PRIN CONSILIUL LOCAL PLESOI, PRIMARUL COMUNEI TERPEZITA,APARATUL DE SPECIALITATE AL PRIMARULUI<\/li>\n<li>LISTA CUPRINZAND INFORMATIILE PUBLICE CARE SE COMUNICA DIN OFICIU\n<ul>\n<li><a href=\"https:\/\/primariaplesoi.ro\/wp-content\/uploads\/2022\/07\/Lege-544-din-2001-actualizata.docx\" target=\"_blank\" rel=\"noopener\">Lege 544 din 2001 actualizat\u0103<\/a><\/li>\n<li><a href=\"https:\/\/primariaplesoi.ro\/wp-content\/uploads\/2022\/07\/Model-formulare-reclamatie-administrativa.docx\" target=\"_blank\" rel=\"noopener\">Model-formulare-reclamatie administrativa<\/a><\/li>\n<li><a href=\"https:\/\/primariaplesoi.ro\/wp-content\/uploads\/2022\/07\/Model-Formular-tip-cerere-de-informatii-de-interes-public.docx\" target=\"_blank\" rel=\"noopener\">Model \u2013 Formular-tip cerere de informa\u0163ii de interes public<\/a><\/li>\n<li>Raport de evaluare a legii 544\/2001<\/li>\n<\/ul>\n<\/li>\n<\/ul>\n","protected":false},"excerpt":{"rendered":"<p>Statutul unit\u0103\u021bii administrativ-teritoriale Regulamentele privind procedurile administrative Hot\u0103r\u00e2rile autorit\u0103\u021bii deliberative Dispozi\u021biile autorit\u0103\u021bii executive Documente \u0219i informa\u021bii financiare Alte documente de interes public LISTA PRIVIND INFORMATIILE PUBLICE PRODUSE, GESTIONATE PRIN CL PLESOI , PRIMARUL, APARATUL DE SPECIALITATE, CARE SE EXCEPTEAZA DE LA LIBERUL ACCES LA INFORMATIILE DE INTERES PUBLIC. LISTA CUPRINZAND INFORMATIILE PUBLICE PRODUSE SI GESTIONATE [&hellip;]<\/p>\n","protected":false},"author":1,"featured_media":0,"parent":0,"menu_order":8,"comment_status":"closed","ping_status":"closed","template":"","meta":{"footnotes":""},"class_list":["post-26","page","type-page","status-publish","hentry"],"yoast_head":"<!-- This site is optimized with the Yoast SEO plugin v21.4 - https:\/\/yoast.com\/wordpress\/plugins\/seo\/ -->\n<title>Monitorul Oficial Local - COMUNA PLESOI<\/title>\n<meta name=\"robots\" content=\"index, follow, max-snippet:-1, max-image-preview:large, max-video-preview:-1\" \/>\n<link rel=\"canonical\" href=\"https:\/\/primariaplesoi.ro\/?page_id=26\" \/>\n<meta property=\"og:locale\" content=\"en_US\" \/>\n<meta property=\"og:type\" content=\"article\" \/>\n<meta property=\"og:title\" content=\"Monitorul Oficial Local - COMUNA PLESOI\" \/>\n<meta property=\"og:description\" content=\"Statutul unit\u0103\u021bii administrativ-teritoriale Regulamentele privind procedurile administrative Hot\u0103r\u00e2rile autorit\u0103\u021bii deliberative Dispozi\u021biile autorit\u0103\u021bii executive Documente \u0219i informa\u021bii financiare Alte documente de interes public LISTA PRIVIND INFORMATIILE PUBLICE PRODUSE, GESTIONATE PRIN CL PLESOI , PRIMARUL, APARATUL DE SPECIALITATE, CARE SE EXCEPTEAZA DE LA LIBERUL ACCES LA INFORMATIILE DE INTERES PUBLIC. LISTA CUPRINZAND INFORMATIILE PUBLICE PRODUSE SI GESTIONATE [&hellip;]\" \/>\n<meta property=\"og:url\" content=\"https:\/\/primariaplesoi.ro\/?page_id=26\" \/>\n<meta property=\"og:site_name\" content=\"COMUNA PLESOI\" \/>\n<meta property=\"article:modified_time\" content=\"2022-07-21T08:50:11+00:00\" \/>\n<meta name=\"twitter:card\" content=\"summary_large_image\" \/>\n<meta name=\"twitter:label1\" content=\"Est. reading time\" \/>\n\t<meta name=\"twitter:data1\" content=\"1 minute\" \/>\n<script type=\"application\/ld+json\" class=\"yoast-schema-graph\">{\"@context\":\"https:\/\/schema.org\",\"@graph\":[{\"@type\":\"WebPage\",\"@id\":\"https:\/\/primariaplesoi.ro\/?page_id=26\",\"url\":\"https:\/\/primariaplesoi.ro\/?page_id=26\",\"name\":\"Monitorul Oficial Local - COMUNA PLESOI\",\"isPartOf\":{\"@id\":\"https:\/\/primariaplesoi.ro\/#website\"},\"datePublished\":\"2022-07-19T21:22:45+00:00\",\"dateModified\":\"2022-07-21T08:50:11+00:00\",\"breadcrumb\":{\"@id\":\"https:\/\/primariaplesoi.ro\/?page_id=26#breadcrumb\"},\"inLanguage\":\"en-US\",\"potentialAction\":[{\"@type\":\"ReadAction\",\"target\":[\"https:\/\/primariaplesoi.ro\/?page_id=26\"]}]},{\"@type\":\"BreadcrumbList\",\"@id\":\"https:\/\/primariaplesoi.ro\/?page_id=26#breadcrumb\",\"itemListElement\":[{\"@type\":\"ListItem\",\"position\":1,\"name\":\"Home\",\"item\":\"https:\/\/primariaplesoi.ro\/\"},{\"@type\":\"ListItem\",\"position\":2,\"name\":\"Monitorul Oficial Local\"}]},{\"@type\":\"WebSite\",\"@id\":\"https:\/\/primariaplesoi.ro\/#website\",\"url\":\"https:\/\/primariaplesoi.ro\/\",\"name\":\"COMUNA PLESOI\",\"description\":\"Site oficial al comunei Plesoi , Judetul Dolj\",\"potentialAction\":[{\"@type\":\"SearchAction\",\"target\":{\"@type\":\"EntryPoint\",\"urlTemplate\":\"https:\/\/primariaplesoi.ro\/?s={search_term_string}\"},\"query-input\":\"required name=search_term_string\"}],\"inLanguage\":\"en-US\"}]}<\/script>\n<!-- \/ Yoast SEO plugin. -->","yoast_head_json":{"title":"Monitorul Oficial Local - COMUNA PLESOI","robots":{"index":"index","follow":"follow","max-snippet":"max-snippet:-1","max-image-preview":"max-image-preview:large","max-video-preview":"max-video-preview:-1"},"canonical":"https:\/\/primariaplesoi.ro\/?page_id=26","og_locale":"en_US","og_type":"article","og_title":"Monitorul Oficial Local - COMUNA PLESOI","og_description":"Statutul unit\u0103\u021bii administrativ-teritoriale Regulamentele privind procedurile administrative Hot\u0103r\u00e2rile autorit\u0103\u021bii deliberative Dispozi\u021biile autorit\u0103\u021bii executive Documente \u0219i informa\u021bii financiare Alte documente de interes public LISTA PRIVIND INFORMATIILE PUBLICE PRODUSE, GESTIONATE PRIN CL PLESOI , PRIMARUL, APARATUL DE SPECIALITATE, CARE SE EXCEPTEAZA DE LA LIBERUL ACCES LA INFORMATIILE DE INTERES PUBLIC. LISTA CUPRINZAND INFORMATIILE PUBLICE PRODUSE SI GESTIONATE [&hellip;]","og_url":"https:\/\/primariaplesoi.ro\/?page_id=26","og_site_name":"COMUNA PLESOI","article_modified_time":"2022-07-21T08:50:11+00:00","twitter_card":"summary_large_image","twitter_misc":{"Est. reading time":"1 minute"},"schema":{"@context":"https:\/\/schema.org","@graph":[{"@type":"WebPage","@id":"https:\/\/primariaplesoi.ro\/?page_id=26","url":"https:\/\/primariaplesoi.ro\/?page_id=26","name":"Monitorul Oficial Local - COMUNA PLESOI","isPartOf":{"@id":"https:\/\/primariaplesoi.ro\/#website"},"datePublished":"2022-07-19T21:22:45+00:00","dateModified":"2022-07-21T08:50:11+00:00","breadcrumb":{"@id":"https:\/\/primariaplesoi.ro\/?page_id=26#breadcrumb"},"inLanguage":"en-US","potentialAction":[{"@type":"ReadAction","target":["https:\/\/primariaplesoi.ro\/?page_id=26"]}]},{"@type":"BreadcrumbList","@id":"https:\/\/primariaplesoi.ro\/?page_id=26#breadcrumb","itemListElement":[{"@type":"ListItem","position":1,"name":"Home","item":"https:\/\/primariaplesoi.ro\/"},{"@type":"ListItem","position":2,"name":"Monitorul Oficial Local"}]},{"@type":"WebSite","@id":"https:\/\/primariaplesoi.ro\/#website","url":"https:\/\/primariaplesoi.ro\/","name":"COMUNA PLESOI","description":"Site oficial al comunei Plesoi , Judetul Dolj","potentialAction":[{"@type":"SearchAction","target":{"@type":"EntryPoint","urlTemplate":"https:\/\/primariaplesoi.ro\/?s={search_term_string}"},"query-input":"required name=search_term_string"}],"inLanguage":"en-US"}]}},"_links":{"self":[{"href":"https:\/\/primariaplesoi.ro\/index.php?rest_route=\/wp\/v2\/pages\/26","targetHints":{"allow":["GET"]}}],"collection":[{"href":"https:\/\/primariaplesoi.ro\/index.php?rest_route=\/wp\/v2\/pages"}],"about":[{"href":"https:\/\/primariaplesoi.ro\/index.php?rest_route=\/wp\/v2\/types\/page"}],"author":[{"embeddable":true,"href":"https:\/\/primariaplesoi.ro\/index.php?rest_route=\/wp\/v2\/users\/1"}],"replies":[{"embeddable":true,"href":"https:\/\/primariaplesoi.ro\/index.php?rest_route=%2Fwp%2Fv2%2Fcomments&post=26"}],"version-history":[{"count":8,"href":"https:\/\/primariaplesoi.ro\/index.php?rest_route=\/wp\/v2\/pages\/26\/revisions"}],"predecessor-version":[{"id":235,"href":"https:\/\/primariaplesoi.ro\/index.php?rest_route=\/wp\/v2\/pages\/26\/revisions\/235"}],"wp:attachment":[{"href":"https:\/\/primariaplesoi.ro\/index.php?rest_route=%2Fwp%2Fv2%2Fmedia&parent=26"}],"curies":[{"name":"wp","href":"https:\/\/api.w.org\/{rel}","templated":true}]}}