{"id":12,"date":"2022-07-19T21:20:09","date_gmt":"2022-07-19T21:20:09","guid":{"rendered":"https:\/\/primariaplesoi.ro\/wp\/?page_id=12"},"modified":"2022-08-03T08:37:10","modified_gmt":"2022-08-03T08:37:10","slug":"primar","status":"publish","type":"page","link":"https:\/\/primariaplesoi.ro\/?page_id=12","title":{"rendered":"Primar"},"content":{"rendered":"<h3 style=\"text-align: center;\"><em><strong>ION IONESCU<\/strong><\/em><\/h3>\n<p style=\"text-align: center;\">Data nasterii: 15.03.1956<\/p>\n<p><img loading=\"lazy\" decoding=\"async\" class=\"alignnone size-medium wp-image-255 aligncenter\" src=\"https:\/\/primariaplesoi.ro\/wp-content\/uploads\/2022\/08\/candidat-Ion-Ionescu-696x432-1-274x300.jpg\" alt=\"\" width=\"274\" height=\"300\" srcset=\"https:\/\/primariaplesoi.ro\/wp-content\/uploads\/2022\/08\/candidat-Ion-Ionescu-696x432-1-274x300.jpg 274w, https:\/\/primariaplesoi.ro\/wp-content\/uploads\/2022\/08\/candidat-Ion-Ionescu-696x432-1.jpg 395w\" sizes=\"auto, (max-width: 274px) 100vw, 274px\" \/><\/p>\n<blockquote><p><strong>Atribu\u0163iile primarului <\/strong><\/p>\n<p><strong>conform OUG nr. 57\/2019 privind Coodul administrativ<\/strong><\/p>\n<p><strong>\u00a0<\/strong>art. 155<\/p>\n<p>(1)\u00a0 Primarul \u00eendepline\u015fte urm\u0103toarele categorii principale de atribu\u0163ii:<\/p>\n<ol>\n<li>a) atribu\u0163ii exercitate \u00een calitate de reprezentant al statului, \u00een condi\u0163iile legii;<\/li>\n<li>b) atribu\u0163ii referitoare la rela\u0163ia cu consiliul local;<\/li>\n<li>c) atribu\u0163ii referitoare la bugetul local al unit\u0103\u0163ii administrativ-teritoriale;<\/li>\n<li>d) atribu\u0163ii privind serviciile publice asigurate cet\u0103\u0163enilor, de interes local;<\/li>\n<li>e) alte atribu\u0163ii stabilite prin lege.<\/li>\n<\/ol>\n<p>&nbsp;<\/p>\n<p>(2)\u00a0 \u00cen temeiul alin. (1) lit. a), primarul:<\/p>\n<ol>\n<li>a) \u00eendepline\u015fte func\u0163ia de ofi\u0163er de stare civil\u0103 \u015fi de autoritate tutelar\u0103 \u015fi asigur\u0103 func\u0163ionarea serviciilor publice locale de profil;<\/li>\n<li>b) \u00eendepline\u015fte atribu\u0163ii privind organizarea \u015fi desf\u0103\u015furarea alegerilor, referendumului \u015fi a recens\u0103m\u00e2ntului;<\/li>\n<li>c) \u00eendepline\u015fte alte atribu\u0163ii stabilite prin lege.<\/li>\n<\/ol>\n<p>&nbsp;<\/p>\n<p>(3)\u00a0 \u00cen exercitarea atribu\u0163iilor prev\u0103zute la alin. (1) lit. b), primarul:<\/p>\n<ol>\n<li>a) prezint\u0103 consiliului local, \u00een primul trimestru al anului, un raport anual privind starea economic\u0103, social\u0103 \u015fi de mediu a unit\u0103\u0163ii administrativ-teritoriale, care se public\u0103 pe pagina de internet a unit\u0103\u0163ii administrativ-teritoriale \u00een condi\u0163iile legii;<\/li>\n<li>b) particip\u0103 la \u015fedin\u0163ele consiliului local \u015fi dispune m\u0103surile necesare pentru preg\u0103tirea \u015fi desf\u0103\u015furarea \u00een bune condi\u0163ii a acestora;<\/li>\n<li>c) prezint\u0103, la solicitarea consiliului local, alte rapoarte \u015fi inform\u0103ri;<\/li>\n<li>d) elaboreaz\u0103, \u00een urma consult\u0103rilor publice, proiectele de strategii privind starea economic\u0103, social\u0103 \u015fi de mediu a unit\u0103\u0163ii administrativ-teritoriale, le public\u0103 pe site-ul unit\u0103\u0163ii administrativ-teritoriale \u015fi le supune aprob\u0103rii consiliului local.<\/li>\n<\/ol>\n<p>&nbsp;<\/p>\n<p>(4)\u00a0 \u00cen exercitarea atribu\u0163iilor prev\u0103zute la alin. (1) lit. c), primarul:<\/p>\n<ol>\n<li>a) exercit\u0103 func\u0163ia de ordonator principal de credite;<\/li>\n<li>b) \u00eentocme\u015fte proiectul bugetului unit\u0103\u0163ii administrativ-teritoriale \u015fi contul de \u00eencheiere a exerci\u0163iului bugetar \u015fi le supune spre aprobare consiliului local, \u00een condi\u0163iile \u015fi la termenele prev\u0103zute de lege;<\/li>\n<li>c) prezint\u0103 consiliului local inform\u0103ri periodice privind execu\u0163ia bugetar\u0103, \u00een condi\u0163iile legii;<\/li>\n<li>d) ini\u0163iaz\u0103, \u00een condi\u0163iile legii, negocieri pentru contractarea de \u00eemprumuturi \u015fi emiterea de titluri de valoare \u00een numele unit\u0103\u0163ii administrativ-teritoriale;<\/li>\n<li>e) verific\u0103, prin compartimentele de specialitate, corecta \u00eenregistrare fiscal\u0103 a contribuabililor la organul fiscal teritorial, at\u00e2t a sediului social principal, c\u00e2t \u015fi a sediului secundar.<\/li>\n<\/ol>\n<p>&nbsp;<\/p>\n<p>(5)\u00a0 \u00cen exercitarea atribu\u0163iilor prev\u0103zute la alin. (1) lit. d), primarul:<\/p>\n<ol>\n<li>a) coordoneaz\u0103 realizarea serviciilor publice de interes local, prin intermediul aparatului de specialitate sau prin intermediul organismelor prestatoare de servicii publice \u015fi de utilitate public\u0103 de interes local;<\/li>\n<li>b) ia m\u0103suri pentru prevenirea \u015fi, dup\u0103 caz, gestionarea situa\u0163iilor de urgen\u0163\u0103;<\/li>\n<li>c) ia m\u0103suri pentru organizarea execut\u0103rii \u015fi executarea \u00een concret a activit\u0103\u0163ilor din domeniile prev\u0103zute la art. 129 alin. (6) \u015fi (7);<\/li>\n<li>d) ia m\u0103suri pentru asigurarea inventarierii, eviden\u0163ei statistice, inspec\u0163iei \u015fi controlului furniz\u0103rii serviciilor publice de interes local prev\u0103zute la art. 129 alin. (6) \u015fi (7), precum \u015fi a bunurilor din patrimoniul public \u015fi privat al unit\u0103\u0163ii administrativ-teritoriale;<\/li>\n<li>e) nume\u015fte, sanc\u0163ioneaz\u0103 \u015fi dispune suspendarea, modificarea \u015fi \u00eencetarea raporturilor de serviciu sau, dup\u0103 caz, a raporturilor de munc\u0103, \u00een condi\u0163iile legii, pentru personalul din cadrul aparatului de specialitate, precum \u015fi pentru conduc\u0103torii institu\u0163iilor \u015fi serviciilor publice de interes local;<\/li>\n<li>f) asigur\u0103 elaborarea planurilor urbanistice prev\u0103zute de lege, le supune aprob\u0103rii consiliului local \u015fi ac\u0163ioneaz\u0103 pentru respectarea prevederilor acestora;<\/li>\n<li>g) emite avizele, acordurile \u015fi autoriza\u0163iile date \u00een competen\u0163a sa prin lege \u015fi alte acte normative, ulterior verific\u0103rii \u015fi certific\u0103rii de c\u0103tre compartimentele de specialitate din punctul de vedere al regularit\u0103\u0163ii, legalit\u0103\u0163ii \u015fi de \u00eendeplinire a cerin\u0163elor tehnice;<\/li>\n<li>h) asigur\u0103 realizarea lucr\u0103rilor \u015fi ia m\u0103surile necesare conform\u0103rii cu prevederile angajamentelor asumate \u00een procesul de integrare european\u0103 \u00een domeniul protec\u0163iei mediului \u015fi gospod\u0103ririi apelor pentru serviciile furnizate cet\u0103\u0163enilor.<\/li>\n<\/ol>\n<p>&nbsp;<\/p>\n<p>(6) \u00a0Primarul desemneaz\u0103 func\u0163ionarii publici anume \u00eemputernici\u0163i s\u0103 duc\u0103 la \u00eendeplinire obliga\u0163iile privind comunicarea cita\u0163iilor \u015fi a altor acte de procedur\u0103, \u00een condi\u0163iile &lt;LLNK 12017\u00a0\u00a0\u00a0\u00a0 0912 2b1\u00a0\u00a0 0 19&gt;<u>Legii nr. 135\/2010,<\/u> cu modific\u0103rile \u015fi complet\u0103rile ulterioare.<\/p>\n<p>(7)\u00a0 Pentru exercitarea corespunz\u0103toare a atribu\u0163iilor sale, primarul colaboreaz\u0103 cu serviciile publice deconcentrate ale ministerelor \u015fi ale celorlalte organe de specialitate ale administra\u0163iei publice centrale din unit\u0103\u0163ile administrativ-teritoriale, precum \u015fi cu autorit\u0103\u0163ile administra\u0163iei publice locale \u015fi jude\u0163ene.<\/p>\n<p>(8) Numirea conduc\u0103torilor institu\u0163iilor publice de interes local, respectiv ai serviciilor publice de interes local se face pe baza concursului sau examenului organizat potrivit procedurilor \u015fi criteriilor aprobate de consiliul local la propunerea primarului, \u00een condi\u0163iile p\u0103r\u0163ii a VI-a titlul II capitolul VI sau titlul III capitolul IV, dup\u0103 caz.<\/p>\n<p>&nbsp;<\/p>\n<p>Art. 156<\/p>\n<p>Atribu\u0163iile primarului \u00een calitate de reprezentant al statului<\/p>\n<p>(1)\u00a0 \u00cen exercitarea atribu\u0163iilor de autoritate tutelar\u0103 \u015fi de ofi\u0163er de stare civil\u0103, a sarcinilor ce \u00eei revin din actele normative privitoare la recens\u0103m\u00e2nt, la organizarea \u015fi desf\u0103\u015furarea alegerilor, la luarea m\u0103surilor de protec\u0163ie civil\u0103, precum \u015fi a altor atribu\u0163ii stabilite prin lege, primarul ac\u0163ioneaz\u0103 \u015fi ca reprezentant al statului \u00een comuna, \u00een ora\u015ful sau \u00een municipiul \u00een care a fost ales.<\/p>\n<p>(2)\u00a0 \u00cen aceast\u0103 calitate, primarul poate solicita prefectului, \u00een condi\u0163iile legii, sprijinul conduc\u0103torilor serviciilor publice deconcentrate ale ministerelor \u015fi ale celorlalte organe de specialitate ale administra\u0163iei publice centrale din unit\u0103\u0163ile administrativ-teritoriale, dac\u0103 sarcinile ce \u00eei revin nu pot fi rezolvate prin aparatul de specialitate.<\/p><\/blockquote>\n","protected":false},"excerpt":{"rendered":"<p>ION IONESCU Data nasterii: 15.03.1956 Atribu\u0163iile primarului conform OUG nr. 57\/2019 privind Coodul administrativ \u00a0art. 155 (1)\u00a0 Primarul \u00eendepline\u015fte urm\u0103toarele categorii principale de atribu\u0163ii: a) atribu\u0163ii exercitate \u00een calitate de reprezentant al statului, \u00een condi\u0163iile legii; b) atribu\u0163ii referitoare la rela\u0163ia cu consiliul local; c) atribu\u0163ii referitoare la bugetul local al unit\u0103\u0163ii administrativ-teritoriale; d) atribu\u0163ii [&hellip;]<\/p>\n","protected":false},"author":1,"featured_media":0,"parent":0,"menu_order":1,"comment_status":"closed","ping_status":"closed","template":"","meta":{"footnotes":""},"class_list":["post-12","page","type-page","status-publish","hentry"],"yoast_head":"<!-- This site is optimized with the Yoast SEO plugin v21.4 - https:\/\/yoast.com\/wordpress\/plugins\/seo\/ -->\n<title>Primar - COMUNA PLESOI<\/title>\n<meta name=\"robots\" content=\"index, follow, max-snippet:-1, max-image-preview:large, max-video-preview:-1\" \/>\n<link rel=\"canonical\" href=\"https:\/\/primariaplesoi.ro\/?page_id=12\" \/>\n<meta property=\"og:locale\" content=\"en_US\" \/>\n<meta property=\"og:type\" content=\"article\" \/>\n<meta property=\"og:title\" content=\"Primar - COMUNA PLESOI\" \/>\n<meta property=\"og:description\" content=\"ION IONESCU Data nasterii: 15.03.1956 Atribu\u0163iile primarului conform OUG nr. 57\/2019 privind Coodul administrativ \u00a0art. 155 (1)\u00a0 Primarul \u00eendepline\u015fte urm\u0103toarele categorii principale de atribu\u0163ii: a) atribu\u0163ii exercitate \u00een calitate de reprezentant al statului, \u00een condi\u0163iile legii; b) atribu\u0163ii referitoare la rela\u0163ia cu consiliul local; c) atribu\u0163ii referitoare la bugetul local al unit\u0103\u0163ii administrativ-teritoriale; d) atribu\u0163ii [&hellip;]\" \/>\n<meta property=\"og:url\" content=\"https:\/\/primariaplesoi.ro\/?page_id=12\" \/>\n<meta property=\"og:site_name\" content=\"COMUNA PLESOI\" \/>\n<meta property=\"article:modified_time\" content=\"2022-08-03T08:37:10+00:00\" \/>\n<meta property=\"og:image\" content=\"https:\/\/primariaplesoi.ro\/wp-content\/uploads\/2022\/08\/candidat-Ion-Ionescu-696x432-1-274x300.jpg\" \/>\n<meta name=\"twitter:card\" content=\"summary_large_image\" \/>\n<meta name=\"twitter:label1\" content=\"Est. reading time\" \/>\n\t<meta name=\"twitter:data1\" content=\"4 minutes\" \/>\n<script type=\"application\/ld+json\" class=\"yoast-schema-graph\">{\"@context\":\"https:\/\/schema.org\",\"@graph\":[{\"@type\":\"WebPage\",\"@id\":\"https:\/\/primariaplesoi.ro\/?page_id=12\",\"url\":\"https:\/\/primariaplesoi.ro\/?page_id=12\",\"name\":\"Primar - COMUNA PLESOI\",\"isPartOf\":{\"@id\":\"https:\/\/primariaplesoi.ro\/#website\"},\"datePublished\":\"2022-07-19T21:20:09+00:00\",\"dateModified\":\"2022-08-03T08:37:10+00:00\",\"breadcrumb\":{\"@id\":\"https:\/\/primariaplesoi.ro\/?page_id=12#breadcrumb\"},\"inLanguage\":\"en-US\",\"potentialAction\":[{\"@type\":\"ReadAction\",\"target\":[\"https:\/\/primariaplesoi.ro\/?page_id=12\"]}]},{\"@type\":\"BreadcrumbList\",\"@id\":\"https:\/\/primariaplesoi.ro\/?page_id=12#breadcrumb\",\"itemListElement\":[{\"@type\":\"ListItem\",\"position\":1,\"name\":\"Home\",\"item\":\"https:\/\/primariaplesoi.ro\/\"},{\"@type\":\"ListItem\",\"position\":2,\"name\":\"Primar\"}]},{\"@type\":\"WebSite\",\"@id\":\"https:\/\/primariaplesoi.ro\/#website\",\"url\":\"https:\/\/primariaplesoi.ro\/\",\"name\":\"COMUNA PLESOI\",\"description\":\"Site oficial al comunei Plesoi , Judetul Dolj\",\"potentialAction\":[{\"@type\":\"SearchAction\",\"target\":{\"@type\":\"EntryPoint\",\"urlTemplate\":\"https:\/\/primariaplesoi.ro\/?s={search_term_string}\"},\"query-input\":\"required name=search_term_string\"}],\"inLanguage\":\"en-US\"}]}<\/script>\n<!-- \/ Yoast SEO plugin. -->","yoast_head_json":{"title":"Primar - COMUNA PLESOI","robots":{"index":"index","follow":"follow","max-snippet":"max-snippet:-1","max-image-preview":"max-image-preview:large","max-video-preview":"max-video-preview:-1"},"canonical":"https:\/\/primariaplesoi.ro\/?page_id=12","og_locale":"en_US","og_type":"article","og_title":"Primar - COMUNA PLESOI","og_description":"ION IONESCU Data nasterii: 15.03.1956 Atribu\u0163iile primarului conform OUG nr. 57\/2019 privind Coodul administrativ \u00a0art. 155 (1)\u00a0 Primarul \u00eendepline\u015fte urm\u0103toarele categorii principale de atribu\u0163ii: a) atribu\u0163ii exercitate \u00een calitate de reprezentant al statului, \u00een condi\u0163iile legii; b) atribu\u0163ii referitoare la rela\u0163ia cu consiliul local; c) atribu\u0163ii referitoare la bugetul local al unit\u0103\u0163ii administrativ-teritoriale; d) atribu\u0163ii [&hellip;]","og_url":"https:\/\/primariaplesoi.ro\/?page_id=12","og_site_name":"COMUNA PLESOI","article_modified_time":"2022-08-03T08:37:10+00:00","og_image":[{"url":"https:\/\/primariaplesoi.ro\/wp-content\/uploads\/2022\/08\/candidat-Ion-Ionescu-696x432-1-274x300.jpg"}],"twitter_card":"summary_large_image","twitter_misc":{"Est. reading time":"4 minutes"},"schema":{"@context":"https:\/\/schema.org","@graph":[{"@type":"WebPage","@id":"https:\/\/primariaplesoi.ro\/?page_id=12","url":"https:\/\/primariaplesoi.ro\/?page_id=12","name":"Primar - COMUNA PLESOI","isPartOf":{"@id":"https:\/\/primariaplesoi.ro\/#website"},"datePublished":"2022-07-19T21:20:09+00:00","dateModified":"2022-08-03T08:37:10+00:00","breadcrumb":{"@id":"https:\/\/primariaplesoi.ro\/?page_id=12#breadcrumb"},"inLanguage":"en-US","potentialAction":[{"@type":"ReadAction","target":["https:\/\/primariaplesoi.ro\/?page_id=12"]}]},{"@type":"BreadcrumbList","@id":"https:\/\/primariaplesoi.ro\/?page_id=12#breadcrumb","itemListElement":[{"@type":"ListItem","position":1,"name":"Home","item":"https:\/\/primariaplesoi.ro\/"},{"@type":"ListItem","position":2,"name":"Primar"}]},{"@type":"WebSite","@id":"https:\/\/primariaplesoi.ro\/#website","url":"https:\/\/primariaplesoi.ro\/","name":"COMUNA PLESOI","description":"Site oficial al comunei Plesoi , Judetul Dolj","potentialAction":[{"@type":"SearchAction","target":{"@type":"EntryPoint","urlTemplate":"https:\/\/primariaplesoi.ro\/?s={search_term_string}"},"query-input":"required name=search_term_string"}],"inLanguage":"en-US"}]}},"_links":{"self":[{"href":"https:\/\/primariaplesoi.ro\/index.php?rest_route=\/wp\/v2\/pages\/12","targetHints":{"allow":["GET"]}}],"collection":[{"href":"https:\/\/primariaplesoi.ro\/index.php?rest_route=\/wp\/v2\/pages"}],"about":[{"href":"https:\/\/primariaplesoi.ro\/index.php?rest_route=\/wp\/v2\/types\/page"}],"author":[{"embeddable":true,"href":"https:\/\/primariaplesoi.ro\/index.php?rest_route=\/wp\/v2\/users\/1"}],"replies":[{"embeddable":true,"href":"https:\/\/primariaplesoi.ro\/index.php?rest_route=%2Fwp%2Fv2%2Fcomments&post=12"}],"version-history":[{"count":4,"href":"https:\/\/primariaplesoi.ro\/index.php?rest_route=\/wp\/v2\/pages\/12\/revisions"}],"predecessor-version":[{"id":259,"href":"https:\/\/primariaplesoi.ro\/index.php?rest_route=\/wp\/v2\/pages\/12\/revisions\/259"}],"wp:attachment":[{"href":"https:\/\/primariaplesoi.ro\/index.php?rest_route=%2Fwp%2Fv2%2Fmedia&parent=12"}],"curies":[{"name":"wp","href":"https:\/\/api.w.org\/{rel}","templated":true}]}}